{"id":21,"date":"2016-02-19T12:18:52","date_gmt":"2016-02-19T11:18:52","guid":{"rendered":"http:\/\/caractere-interieur.com\/?page_id=21"},"modified":"2024-01-16T13:13:14","modified_gmt":"2024-01-16T12:13:14","slug":"contact","status":"publish","type":"page","link":"http:\/\/caractere-interieur.com\/en\/contact\/","title":{"rendered":"Contact"},"content":{"rendered":"<style>.form-page h4 {<br \/>\n margin-bottom: 29px;<br \/>\n} .site-content p, .site-content hr {<br \/>\n margin: 8px 0% 0 6%; }<br \/>\n  h5 {<br \/>\n padding: 0 11% 0 11px !important;<br \/>\n margin-left: 20px;<br \/>\n}<br \/>\n<\/style>\n<h3><span style=\"color: #000000;\">CONTACT<\/span><\/h3>\n<h4>Caract\u00e8re &amp; Int\u00e9rieur<\/h4>\n<p><img loading=\"lazy\" decoding=\"async\" class=\"wp-image-131 size-full alignleft\" src=\"http:\/\/caractere-interieur.com\/wp-content\/uploads\/sites\/2\/2016\/02\/cnt-pg-img.jpg\" alt=\"cnt-pg-img\" width=\"284\" height=\"424\" srcset=\"http:\/\/caractere-interieur.com\/en\/wp-content\/uploads\/sites\/2\/2016\/02\/cnt-pg-img.jpg 284w, http:\/\/caractere-interieur.com\/en\/wp-content\/uploads\/sites\/2\/2016\/02\/cnt-pg-img-201x300.jpg 201w\" sizes=\"(max-width: 284px) 100vw, 284px\" \/><span class=\"innercontact\" style=\"color: #4a4642;\"><strong>Caract\u00e8re &amp; Int\u00e9rieur<\/strong><\/span><br \/>\n<span class=\"innercontact\" style=\"color: #7e7973;\"> <strong>64, rue de Longchamp<\/strong> 75116 Paris<\/span><br \/>\n<span class=\"innercontact\" style=\"color: #7e7973;\"> <strong>Mail:<\/strong> <a class=\"underlink\" style=\"color: #7e7973;\" href=\"mailto:contact@caractere-interieur.com\">contact@caractere-interieur.com<\/a><\/span><\/p>\n<div role=\"form\" class=\"wpcf7\" id=\"wpcf7-f106-o1\" lang=\"fr-FR\" dir=\"ltr\">\n<div class=\"screen-reader-response\"><\/div>\n<form action=\"\/en\/wp-json\/wp\/v2\/pages\/21#wpcf7-f106-o1\" method=\"post\" class=\"wpcf7-form\" novalidate=\"novalidate\">\n<div style=\"display: none;\">\n<input type=\"hidden\" name=\"_wpcf7\" value=\"106\" \/>\n<input type=\"hidden\" name=\"_wpcf7_version\" value=\"5.1.1\" \/>\n<input type=\"hidden\" name=\"_wpcf7_locale\" value=\"fr_FR\" \/>\n<input type=\"hidden\" name=\"_wpcf7_unit_tag\" value=\"wpcf7-f106-o1\" \/>\n<input type=\"hidden\" name=\"_wpcf7_container_post\" value=\"0\" \/>\n<input type=\"hidden\" name=\"g-recaptcha-response\" value=\"\" \/>\n<\/div>\n<h5>Form<\/h5>\n<p class=\"small\"><span style=\"    color: #ffb112;\">*<\/span> mandatory<\/p>\n<p><span class=\"wpcf7-form-control-wrap your-name\"><input type=\"text\" name=\"your-name\" value=\"\" size=\"40\" class=\"wpcf7-form-control wpcf7-text wpcf7-validates-as-required\" aria-required=\"true\" aria-invalid=\"false\" placeholder=\"NAME :\" \/><\/span><span style=\"    color: #ffb112;\">*<\/span><\/p>\n<p><span class=\"wpcf7-form-control-wrap your-email\"><input type=\"email\" name=\"your-email\" value=\"\" size=\"40\" class=\"wpcf7-form-control wpcf7-text wpcf7-email wpcf7-validates-as-required wpcf7-validates-as-email\" aria-required=\"true\" aria-invalid=\"false\" placeholder=\"MAIL:\" \/><\/span><span style=\"    color: #ffb112;\">*<\/span><\/p>\n<p><span class=\"wpcf7-form-control-wrap your-phone\"><input type=\"tel\" name=\"your-phone\" value=\"\" size=\"40\" class=\"wpcf7-form-control wpcf7-text wpcf7-tel wpcf7-validates-as-tel\" aria-invalid=\"false\" placeholder=\"PHONE :\" \/><\/span><\/p>\n<p><span class=\"wpcf7-form-control-wrap your-subject\"><input type=\"text\" name=\"your-subject\" value=\"\" size=\"40\" class=\"wpcf7-form-control wpcf7-text\" aria-invalid=\"false\" placeholder=\"OBJECT :\" \/><\/span><\/p>\n<p><span class=\"wpcf7-form-control-wrap your-message\"><textarea name=\"your-message\" cols=\"42\" rows=\"5\" class=\"wpcf7-form-control wpcf7-textarea\" aria-invalid=\"false\" placeholder=\"MESSAGE :\"><\/textarea><\/span><span style=\"    color: #ffb112;\">*<\/span><\/p>\n<p><input type=\"submit\" value=\"Send\" class=\"wpcf7-form-control wpcf7-submit\" \/><\/p>\n<div class=\"wpcf7-response-output wpcf7-display-none\"><\/div><\/form><\/div>\n","protected":false},"excerpt":{"rendered":"<p>CONTACT Caract\u00e8re &amp; Int\u00e9rieur Caract\u00e8re &amp; Int\u00e9rieur 64, rue de Longchamp 75116 Paris Mail: contact@caractere-interieur.com<\/p>\n","protected":false},"author":1,"featured_media":130,"parent":0,"menu_order":0,"comment_status":"closed","ping_status":"closed","template":"template-form.php","meta":{"footnotes":""},"_links":{"self":[{"href":"http:\/\/caractere-interieur.com\/en\/wp-json\/wp\/v2\/pages\/21"}],"collection":[{"href":"http:\/\/caractere-interieur.com\/en\/wp-json\/wp\/v2\/pages"}],"about":[{"href":"http:\/\/caractere-interieur.com\/en\/wp-json\/wp\/v2\/types\/page"}],"author":[{"embeddable":true,"href":"http:\/\/caractere-interieur.com\/en\/wp-json\/wp\/v2\/users\/1"}],"replies":[{"embeddable":true,"href":"http:\/\/caractere-interieur.com\/en\/wp-json\/wp\/v2\/comments?post=21"}],"version-history":[{"count":15,"href":"http:\/\/caractere-interieur.com\/en\/wp-json\/wp\/v2\/pages\/21\/revisions"}],"predecessor-version":[{"id":428,"href":"http:\/\/caractere-interieur.com\/en\/wp-json\/wp\/v2\/pages\/21\/revisions\/428"}],"wp:featuredmedia":[{"embeddable":true,"href":"http:\/\/caractere-interieur.com\/en\/wp-json\/wp\/v2\/media\/130"}],"wp:attachment":[{"href":"http:\/\/caractere-interieur.com\/en\/wp-json\/wp\/v2\/media?parent=21"}],"curies":[{"name":"wp","href":"https:\/\/api.w.org\/{rel}","templated":true}]}}